{"id":4265,"date":"2018-04-09T17:28:04","date_gmt":"2018-04-09T17:28:04","guid":{"rendered":"http:\/\/petak9.com.mx\/?page_id=4265"},"modified":"2023-01-06T01:28:33","modified_gmt":"2023-01-06T01:28:33","slug":"nosotros","status":"publish","type":"page","link":"https:\/\/petak9.com.mx\/?page_id=4265","title":{"rendered":"PETA-K9"},"content":{"rendered":"<section class=\"wpb-content-wrapper\"><p>[vc_section full_width=&#8221;stretch_row&#8221;][vc_row][vc_column]<div class=\"heading  header-subheader align-center color-black subcolor-main transform-default   vc_custom_1672891227441 heading-tag-h2\" id=\"like_sc_header_1928258334\"><h2 class=\"header\">PETA-K9<\/h2><\/div>[vc_empty_space][vc_column_text]En Peta K-9, nos enorgullece nuestro compromiso de brindar un servicio de primera calidad para la seguridad de hogares o empresas por medio de nuestros agentes caninos.<\/p>\n<p>Nos especializamos en el adiestramiento y crianza de perros de seguridad, de igual manera, adiestramos a las mascotas en obediencia b\u00e1sica hasta la protecci\u00f3n m\u00e1s\u00a0 eficiente de acuerdo con sus capacidades.<\/p>\n<p>De la mano de nuestros instructores, formamos una academia de entrenamiento reconociendo el alto nivel de adiestramiento, gracias a esto, nuestros canes, son capaces de detectar cualquier tipo explosivo, arma, cuerpo o material.[\/vc_column_text][\/vc_column][\/vc_row][vc_row full_width=&#8221;stretch_row&#8221; content_placement=&#8221;middle&#8221;][vc_column width=&#8221;1\/3&#8243;]<div class=\"es-resp\">\t<div class=\"hidden-xl hidden-md hidden-sm hidden-ms hidden-xs\" style=\"height: 0px;\"><\/div>\t<div class=\"visible-md\" style=\"height: 0px;\"><\/div>\t<div class=\"visible-sm \" style=\"height: 25px;\"><\/div>\t<div class=\"visible-ms\" style=\"height: 25px;\"><\/div>\t<div class=\"visible-xs\" style=\"height: 0px;\"><\/div><\/div><div class=\"heading  header-inline align-left color-main subcolor-second transform-default   vc_custom_1672113853992 heading-tag-h4\" id=\"like_sc_header_63273134\"><h4 class=\"header\">MISI\u00d3N<\/h4><\/div>[vc_column_text]Ofrecer nuestra experiencia en el sector de seguridad, para proteger y auxiliar a hogares y empresas gracias a nuestros perros adiestrados, as\u00ed como crear v\u00ednculos exitosos entre nuestros clientes y nuestros servicios, formando sistemas de trabajo que ofrezcan un m\u00e9todo para facilitar, en muy corto tiempo, el manejo operativo de los caninos.[\/vc_column_text]<div class=\"heading  header-inline align-left color-main subcolor-second transform-default   vc_custom_1672113880808 heading-tag-h4\" id=\"like_sc_header_554463614\"><h4 class=\"header\">VISI\u00d3N<\/h4><\/div>[vc_column_text]Ser la empresa con mayor reconocimiento en adiestramiento canino, logrando satisfacer las necesidades de quienes soliciten nuestros servicios.[\/vc_column_text][\/vc_column][vc_column width=&#8221;1\/3&#8243; offset=&#8221;vc_hidden-xs&#8221;][vc_single_image image=&#8221;4378&#8243; img_size=&#8221;full&#8221; alignment=&#8221;center&#8221; css_animation=&#8221;none&#8221; img_shadow=&#8221;none&#8221; css=&#8221;.vc_custom_1672113942760{padding-right: 15px !important;padding-left: 15px !important;}&#8221;][\/vc_column][vc_column width=&#8221;1\/3&#8243; text_align=&#8221;right-lg&#8221;]<div class=\"es-resp\">\t<div class=\"hidden-xl hidden-md hidden-sm hidden-ms hidden-xs\" style=\"height: 0px;\"><\/div>\t<div class=\"visible-md\" style=\"height: 0px;\"><\/div>\t<div class=\"visible-sm \" style=\"height: 0px;\"><\/div>\t<div class=\"visible-ms\" style=\"height: 0px;\"><\/div>\t<div class=\"visible-xs\" style=\"height: 0px;\"><\/div><\/div><div class=\"heading  header-inline color-main subcolor-second transform-default   vc_custom_1672113907093 heading-tag-h4\" id=\"like_sc_header_1797678090\"><h4 class=\"header\">VALORES<\/h4><\/div>[vc_column_text]Disciplina, lealtad, honor, dignidad, autoridad, moral, compromiso y \u00e9tica, son los valores que nos respaldan.[\/vc_column_text][vc_column_text][\/vc_column_text][\/vc_column][\/vc_row][vc_row][vc_column]<div class=\"es-resp\">\t<div class=\"hidden-xl hidden-md hidden-sm hidden-ms hidden-xs\" style=\"height: 64px;\"><\/div>\t<div class=\"visible-md\" style=\"height: 64px;\"><\/div>\t<div class=\"visible-sm \" style=\"height: 64px;\"><\/div>\t<div class=\"visible-ms\" style=\"height: 64px;\"><\/div>\t<div class=\"visible-xs\" style=\"height: 32px;\"><\/div><\/div>[\/vc_column][\/vc_row][\/vc_section][vc_row full_width=&#8221;stretch_row_content&#8221; bg_color_select=&#8221;theme_color&#8221;][vc_column][\/vc_column][\/vc_row][vc_section full_width=&#8221;stretch_row&#8221; bg_color_select=&#8221;black&#8221; bg_pos=&#8221;right-center&#8221; text_align=&#8221;center-sm-ms&#8221; el_class=&#8221;ltx-photo-bg&#8221;][vc_row bg_pos=&#8221;right-center&#8221; css=&#8221;.vc_custom_1672114969154{background-image: url(http:\/\/petak9.com.mx\/wp-content\/uploads\/2022\/12\/foto_nosotros.jpg?id=4483) !important;}&#8221;][vc_column width=&#8221;1\/3&#8243; bg_pos=&#8221;left-center&#8221; el_class=&#8221;ltx-shield-bg&#8221;]<div class=\"es-resp\">\t<div class=\"hidden-xl hidden-md hidden-sm hidden-ms hidden-xs\" style=\"height: 180px;\"><\/div>\t<div class=\"visible-md\" style=\"height: 180px;\"><\/div>\t<div class=\"visible-sm \" style=\"height: 90px;\"><\/div>\t<div class=\"visible-ms\" style=\"height: 90px;\"><\/div>\t<div class=\"visible-xs\" style=\"height: 90px;\"><\/div><\/div><div class=\"heading  default color-main transform-default   vc_custom_1672114046489 heading-tag-h3\" id=\"like_sc_header_1984216444\"><h3 class=\"header\">Tenemos el<\/h3><\/div><div class=\"heading  heading-large default color-white transform-default   vc_custom_1672114060035 heading-tag-h3\" id=\"like_sc_header_880471314\"><h3 class=\"header\">Mejor equipo<\/h3><\/div><div class=\"es-resp\">\t<div class=\"hidden-xl hidden-md hidden-sm hidden-ms hidden-xs\" style=\"height: 16px;\"><\/div>\t<div class=\"visible-md\" style=\"height: 16px;\"><\/div>\t<div class=\"visible-sm \" style=\"height: 16px;\"><\/div>\t<div class=\"visible-ms\" style=\"height: 16px;\"><\/div>\t<div class=\"visible-xs\" style=\"height: 16px;\"><\/div><\/div><div class=\"ltx-content-width col-align-left\" style=\"max-width: 500px\">[vc_column_text]Cada uno de nuestros entrenadores cuentan con certificaciones y amplia experiencia en el adiestramiento canino, han participado en competencias obteniendo t\u00edtulos de la Federaci\u00f3n Can\u00f3fila.[\/vc_column_text]<\/div><div class=\"es-resp\">\t<div class=\"hidden-xl hidden-md hidden-sm hidden-ms hidden-xs\" style=\"height: 48px;\"><\/div>\t<div class=\"visible-md\" style=\"height: 48px;\"><\/div>\t<div class=\"visible-sm \" style=\"height: 48px;\"><\/div>\t<div class=\"visible-ms\" style=\"height: 48px;\"><\/div>\t<div class=\"visible-xs\" style=\"height: 48px;\"><\/div><\/div><div class=\"es-resp\">\t<div class=\"hidden-xl hidden-md hidden-sm hidden-ms hidden-xs\" style=\"height: 180px;\"><\/div>\t<div class=\"visible-md\" style=\"height: 180px;\"><\/div>\t<div class=\"visible-sm \" style=\"height: 90px;\"><\/div>\t<div class=\"visible-ms\" style=\"height: 90px;\"><\/div>\t<div class=\"visible-xs\" style=\"height: 90px;\"><\/div><\/div>[\/vc_column][vc_column width=&#8221;1\/3&#8243;][\/vc_column][vc_column width=&#8221;1\/3&#8243;][\/vc_column][\/vc_row][\/vc_section][vc_section scrollreveal_elements=&#8221;items&#8221; scrollreveal_delay=&#8221;0&#8243; scrollreveal_duration=&#8221;500&#8243; scrollreveal_sequences_delay=&#8221;300&#8243;][vc_row scrollreveal_elements=&#8221;items&#8221; scrollreveal_duration=&#8221;500&#8243; scrollreveal_sequences_delay=&#8221;200&#8243;][vc_column scrollreveal_elements=&#8221;items&#8221; scrollreveal_delay=&#8221;0&#8243;]<div class=\"es-resp\">\t<div class=\"hidden-xl hidden-md hidden-sm hidden-ms hidden-xs\" style=\"height: 48px;\"><\/div>\t<div class=\"visible-md\" style=\"height: 48px;\"><\/div>\t<div class=\"visible-sm \" style=\"height: 48px;\"><\/div>\t<div class=\"visible-ms\" style=\"height: 48px;\"><\/div>\t<div class=\"visible-xs\" style=\"height: 48px;\"><\/div><\/div><div class=\"heading  default align-center color-black subcolor-second transform-default heading-tag-h2\" id=\"like_sc_header_124910279\"><h2 class=\"header\">Nuestro equipo<\/h2><\/div><div class=\"ltx-content-width col-align-center\" style=\"max-width: 600px\"><\/div><div class=\"team-sc  row\"><div class=\"col-lg-3 col-md-6 col-sm-6 col-ms-6\">\n\t<div class=\"team-item item matchHeight item-type-circle \"><div class=\"image\"><img width=\"500\" height=\"500\" src=\"https:\/\/petak9.com.mx\/wp-content\/uploads\/2017\/09\/equipo_03-1.jpg\" class=\"attachment-full size-full\" alt=\"\" decoding=\"async\" loading=\"lazy\" srcset=\"https:\/\/petak9.com.mx\/wp-content\/uploads\/2017\/09\/equipo_03-1.jpg 500w, https:\/\/petak9.com.mx\/wp-content\/uploads\/2017\/09\/equipo_03-1-300x300.jpg 300w, https:\/\/petak9.com.mx\/wp-content\/uploads\/2017\/09\/equipo_03-1-150x150.jpg 150w, https:\/\/petak9.com.mx\/wp-content\/uploads\/2017\/09\/equipo_03-1-24x24.jpg 24w, https:\/\/petak9.com.mx\/wp-content\/uploads\/2017\/09\/equipo_03-1-48x48.jpg 48w, https:\/\/petak9.com.mx\/wp-content\/uploads\/2017\/09\/equipo_03-1-96x96.jpg 96w\" sizes=\"(max-width: 500px) 100vw, 500px\" \/><\/div><p class=\"subheader\"><\/p><\/div><\/div><div class=\"col-lg-3 col-md-6 col-sm-6 col-ms-6\">\n\t<div class=\"team-item item matchHeight item-type-circle \"><div class=\"image\"><img width=\"500\" height=\"500\" src=\"https:\/\/petak9.com.mx\/wp-content\/uploads\/2017\/09\/equipo_01.jpg\" class=\"attachment-full size-full\" alt=\"\" decoding=\"async\" loading=\"lazy\" srcset=\"https:\/\/petak9.com.mx\/wp-content\/uploads\/2017\/09\/equipo_01.jpg 500w, https:\/\/petak9.com.mx\/wp-content\/uploads\/2017\/09\/equipo_01-300x300.jpg 300w, https:\/\/petak9.com.mx\/wp-content\/uploads\/2017\/09\/equipo_01-150x150.jpg 150w, https:\/\/petak9.com.mx\/wp-content\/uploads\/2017\/09\/equipo_01-24x24.jpg 24w, https:\/\/petak9.com.mx\/wp-content\/uploads\/2017\/09\/equipo_01-48x48.jpg 48w, https:\/\/petak9.com.mx\/wp-content\/uploads\/2017\/09\/equipo_01-96x96.jpg 96w\" sizes=\"(max-width: 500px) 100vw, 500px\" \/><\/div><p class=\"subheader\"><\/p><\/div><\/div><div class=\"col-lg-3 col-md-6 col-sm-6 col-ms-6\">\n\t<div class=\"team-item item matchHeight item-type-circle \"><div class=\"image\"><img width=\"500\" height=\"500\" src=\"https:\/\/petak9.com.mx\/wp-content\/uploads\/2017\/09\/equipo_04.jpg\" class=\"attachment-full size-full\" alt=\"\" decoding=\"async\" loading=\"lazy\" srcset=\"https:\/\/petak9.com.mx\/wp-content\/uploads\/2017\/09\/equipo_04.jpg 500w, https:\/\/petak9.com.mx\/wp-content\/uploads\/2017\/09\/equipo_04-300x300.jpg 300w, https:\/\/petak9.com.mx\/wp-content\/uploads\/2017\/09\/equipo_04-150x150.jpg 150w, https:\/\/petak9.com.mx\/wp-content\/uploads\/2017\/09\/equipo_04-24x24.jpg 24w, https:\/\/petak9.com.mx\/wp-content\/uploads\/2017\/09\/equipo_04-48x48.jpg 48w, https:\/\/petak9.com.mx\/wp-content\/uploads\/2017\/09\/equipo_04-96x96.jpg 96w\" sizes=\"(max-width: 500px) 100vw, 500px\" \/><\/div><p class=\"subheader\"><\/p><\/div><\/div><div class=\"col-lg-3 col-md-6 col-sm-6 col-ms-6\">\n\t<div class=\"team-item item matchHeight item-type-circle \"><div class=\"image\"><img width=\"500\" height=\"500\" src=\"https:\/\/petak9.com.mx\/wp-content\/uploads\/2017\/09\/equipo_02.jpg\" class=\"attachment-full size-full\" alt=\"\" decoding=\"async\" loading=\"lazy\" srcset=\"https:\/\/petak9.com.mx\/wp-content\/uploads\/2017\/09\/equipo_02.jpg 500w, https:\/\/petak9.com.mx\/wp-content\/uploads\/2017\/09\/equipo_02-300x300.jpg 300w, https:\/\/petak9.com.mx\/wp-content\/uploads\/2017\/09\/equipo_02-150x150.jpg 150w, https:\/\/petak9.com.mx\/wp-content\/uploads\/2017\/09\/equipo_02-24x24.jpg 24w, https:\/\/petak9.com.mx\/wp-content\/uploads\/2017\/09\/equipo_02-48x48.jpg 48w, https:\/\/petak9.com.mx\/wp-content\/uploads\/2017\/09\/equipo_02-96x96.jpg 96w\" sizes=\"(max-width: 500px) 100vw, 500px\" \/><\/div><p class=\"subheader\"><\/p><\/div><\/div><\/div><div class=\"es-resp\">\t<div class=\"hidden-xl hidden-md hidden-sm hidden-ms hidden-xs\" style=\"height: 16px;\"><\/div>\t<div class=\"visible-md\" style=\"height: 16px;\"><\/div>\t<div class=\"visible-sm \" style=\"height: 16px;\"><\/div>\t<div class=\"visible-ms\" style=\"height: 16px;\"><\/div>\t<div class=\"visible-xs\" style=\"height: 16px;\"><\/div><\/div><div class=\"es-resp\">\t<div class=\"hidden-xl hidden-md hidden-sm hidden-ms hidden-xs\" style=\"height: 48px;\"><\/div>\t<div class=\"visible-md\" style=\"height: 48px;\"><\/div>\t<div class=\"visible-sm \" style=\"height: 48px;\"><\/div>\t<div class=\"visible-ms\" style=\"height: 48px;\"><\/div>\t<div class=\"visible-xs\" style=\"height: 48px;\"><\/div><\/div>[\/vc_column][\/vc_row][\/vc_section]<\/p>\n<\/section>","protected":false},"excerpt":{"rendered":"<p>[vc_section full_width=&#8221;stretch_row&#8221;][vc_row][vc_column][vc_empty_space][vc_column_text]En Peta K-9, nos enorgullece nuestro compromiso de brindar un servicio de primera calidad para la seguridad de hogares o empresas por medio de nuestros agentes caninos. Nos especializamos [&hellip;]<\/p>\n","protected":false},"author":1,"featured_media":0,"parent":0,"menu_order":0,"comment_status":"closed","ping_status":"closed","template":"","meta":{"om_disable_all_campaigns":false,"_monsterinsights_skip_tracking":false,"_monsterinsights_sitenote_active":false,"_monsterinsights_sitenote_note":"","_monsterinsights_sitenote_category":0},"aioseo_notices":[],"_links":{"self":[{"href":"https:\/\/petak9.com.mx\/index.php?rest_route=\/wp\/v2\/pages\/4265"}],"collection":[{"href":"https:\/\/petak9.com.mx\/index.php?rest_route=\/wp\/v2\/pages"}],"about":[{"href":"https:\/\/petak9.com.mx\/index.php?rest_route=\/wp\/v2\/types\/page"}],"author":[{"embeddable":true,"href":"https:\/\/petak9.com.mx\/index.php?rest_route=\/wp\/v2\/users\/1"}],"replies":[{"embeddable":true,"href":"https:\/\/petak9.com.mx\/index.php?rest_route=%2Fwp%2Fv2%2Fcomments&post=4265"}],"version-history":[{"count":10,"href":"https:\/\/petak9.com.mx\/index.php?rest_route=\/wp\/v2\/pages\/4265\/revisions"}],"predecessor-version":[{"id":4538,"href":"https:\/\/petak9.com.mx\/index.php?rest_route=\/wp\/v2\/pages\/4265\/revisions\/4538"}],"wp:attachment":[{"href":"https:\/\/petak9.com.mx\/index.php?rest_route=%2Fwp%2Fv2%2Fmedia&parent=4265"}],"curies":[{"name":"wp","href":"https:\/\/api.w.org\/{rel}","templated":true}]}}